{"id":88867,"date":"2023-11-30T13:42:23","date_gmt":"2023-11-30T13:42:23","guid":{"rendered":"https:\/\/www.indeedevents.com\/de-de\/?page_id=88867"},"modified":"2024-01-09T20:46:47","modified_gmt":"2024-01-09T20:46:47","slug":"leadership-connect","status":"publish","type":"page","link":"https:\/\/www.indeedevents.com\/de-de\/leadership-connect\/","title":{"rendered":"Indeed Leadership Connect"},"content":{"rendered":"\n<div class=\"wp-block-cover alignfull\" style=\"min-height:110px;aspect-ratio:unset;\"><span aria-hidden=\"true\" class=\"wp-block-cover__background has-background-dim-100 has-background-dim\" style=\"background-color:#00162d\"><\/span><div class=\"wp-block-cover__inner-container is-layout-flow wp-block-cover-is-layout-flow\">\n<div style=\"height:25px\" aria-hidden=\"true\" class=\"wp-block-spacer\"><\/div>\n\n\n\n<div class=\"wp-block-columns alignfull is-layout-flex wp-container-core-columns-is-layout-e2d9f3a9 wp-block-columns-is-layout-flex\" style=\"margin-top:0;margin-bottom:0;padding-top:0;padding-right:0;padding-bottom:0;padding-left:0\">\n<div class=\"wp-block-column is-vertically-aligned-bottom is-layout-flow wp-block-column-is-layout-flow\" style=\"padding-top:0;padding-right:0;padding-bottom:0;padding-left:0;flex-basis:300px\">\n<figure class=\"wp-block-image size-full\"><img decoding=\"async\" width=\"1321\" height=\"273\" src=\"https:\/\/www.indeedevents.com\/de-de\/wp-content\/uploads\/sites\/26\/2023\/11\/LC-logo-white.png\" alt=\"Indeed Leadership Connect logo\" class=\"wp-image-88868\" srcset=\"https:\/\/www.indeedevents.com\/de-de\/wp-content\/uploads\/sites\/26\/2023\/11\/LC-logo-white.png 1321w, https:\/\/www.indeedevents.com\/de-de\/wp-content\/uploads\/sites\/26\/2023\/11\/LC-logo-white-300x62.png 300w, https:\/\/www.indeedevents.com\/de-de\/wp-content\/uploads\/sites\/26\/2023\/11\/LC-logo-white-1024x212.png 1024w, https:\/\/www.indeedevents.com\/de-de\/wp-content\/uploads\/sites\/26\/2023\/11\/LC-logo-white-768x159.png 768w\" sizes=\"(max-width: 1321px) 100vw, 1321px\" \/><\/figure>\n<\/div>\n<\/div>\n<\/div><\/div>\n\n\n\n<div class=\"wp-block-cover alignfull\"><span aria-hidden=\"true\" class=\"wp-block-cover__background has-background-dim-100 has-background-dim\" style=\"background-color:#001c40\"><\/span><div class=\"wp-block-cover__inner-container is-layout-flow wp-block-cover-is-layout-flow\">\n<div style=\"height:50px\" aria-hidden=\"true\" class=\"wp-block-spacer\"><\/div>\n\n\n\n<div class=\"wp-block-columns alignfull are-vertically-aligned-center is-layout-flex wp-container-core-columns-is-layout-9d6595d7 wp-block-columns-is-layout-flex\">\n<div class=\"wp-block-column is-vertically-aligned-center is-layout-flow wp-block-column-is-layout-flow\" style=\"flex-basis:55%\">\n<h1 class=\"wp-block-heading\">Die exklusive Community f\u00fcr Human Ressources- und Talent Acquisition-F\u00fchrungskr\u00e4fte zur Gestaltung der Zukunft der Arbeitswelt.<\/h1>\n<\/div>\n\n\n\n<div class=\"wp-block-column is-vertically-aligned-center is-layout-flow wp-block-column-is-layout-flow\" style=\"flex-basis:45%\">\n<figure class=\"wp-block-image alignright size-full is-style-default\"><img decoding=\"async\" width=\"1024\" height=\"708\" src=\"https:\/\/www.indeedevents.com\/de-de\/wp-content\/uploads\/sites\/26\/2023\/12\/Asset-101-1024x708-1.jpg\" alt=\"Leaders talking around a table.\" class=\"wp-image-88880\" srcset=\"https:\/\/www.indeedevents.com\/de-de\/wp-content\/uploads\/sites\/26\/2023\/12\/Asset-101-1024x708-1.jpg 1024w, https:\/\/www.indeedevents.com\/de-de\/wp-content\/uploads\/sites\/26\/2023\/12\/Asset-101-1024x708-1-300x207.jpg 300w, https:\/\/www.indeedevents.com\/de-de\/wp-content\/uploads\/sites\/26\/2023\/12\/Asset-101-1024x708-1-768x531.jpg 768w, https:\/\/www.indeedevents.com\/de-de\/wp-content\/uploads\/sites\/26\/2023\/12\/Asset-101-1024x708-1-485x335.jpg 485w, https:\/\/www.indeedevents.com\/de-de\/wp-content\/uploads\/sites\/26\/2023\/12\/Asset-101-1024x708-1-970x670.jpg 970w\" sizes=\"(max-width: 1024px) 100vw, 1024px\" \/><\/figure>\n<\/div>\n<\/div>\n\n\n\n<div style=\"height:25px\" aria-hidden=\"true\" class=\"wp-block-spacer\"><\/div>\n<\/div><\/div>\n\n\n\n<div style=\"height:100px\" aria-hidden=\"true\" id=\"what-to-expect\" class=\"wp-block-spacer\"><\/div>\n\n\n\n<div class=\"wp-block-group alignfull is-layout-constrained wp-block-group-is-layout-constrained\">\n<h2 class=\"wp-block-heading leadermain\">Profitieren Sie von allen Vorteilen, die Leadership Connect bietet:<\/h2>\n\n\n\n<div style=\"height:50px\" aria-hidden=\"true\" class=\"wp-block-spacer\"><\/div>\n\n\n\n<div class=\"wp-block-columns is-layout-flex wp-container-core-columns-is-layout-9d6595d7 wp-block-columns-is-layout-flex\">\n<div class=\"wp-block-column is-layout-flow wp-block-column-is-layout-flow\">\n<figure class=\"wp-block-image size-full\"><img decoding=\"async\" width=\"70\" height=\"70\" src=\"https:\/\/www.indeedevents.com\/de-de\/wp-content\/uploads\/sites\/26\/2023\/11\/Property-1Stand-Out-Candidate-1.png\" alt=\"Icon with people, representing expert perspectives\" class=\"wp-image-88875\"\/><\/figure>\n\n\n\n<h4 class=\"wp-block-heading\">Experten-Wissen<\/h4>\n\n\n\n<p class=\"has-text-color\" style=\"color:#767676\">Lassen Sie sich von vision\u00e4ren Ideen inspirieren und lernen Sie von Experten f\u00fcr Einstellungstrends, DEIB+ und Talentmanagement, um Ihr Know-how der Arbeitsbranche zu erweitern.<\/p>\n<\/div>\n\n\n\n<div class=\"wp-block-column is-layout-flow wp-block-column-is-layout-flow\">\n<figure class=\"wp-block-image size-full\"><img decoding=\"async\" width=\"70\" height=\"70\" src=\"https:\/\/www.indeedevents.com\/de-de\/wp-content\/uploads\/sites\/26\/2023\/11\/Property-1Indeed-Outreach.png\" alt=\"Indeed icon with arrows, representing exclusive content\" class=\"wp-image-88874\"\/><\/figure>\n\n\n\n<h4 class=\"wp-block-heading\">Exklusive Inhalte<\/h4>\n\n\n\n<p class=\"has-text-color\" style=\"color:#767676\">Indeed Leadership Connect Mitglieder erhalten fr\u00fchzeitigen Zugang zu Daten und Erkenntnissen, die von Vordenkern der Branche und Indeed-Talentexperten entwickelt wurden. Durch unser globales Wirken haben wir einen beispiellosen Zugang zu Verbraucherverhalten und wirtschaftlichen Trends.<\/p>\n<\/div>\n\n\n\n<div class=\"wp-block-column is-layout-flow wp-block-column-is-layout-flow\">\n<figure class=\"wp-block-image size-full\"><img decoding=\"async\" width=\"70\" height=\"70\" src=\"https:\/\/www.indeedevents.com\/de-de\/wp-content\/uploads\/sites\/26\/2023\/11\/Property-1Climbing.png\" alt=\"Icon of a person running up steps, representing career advancement opportunities\" class=\"wp-image-88873\"\/><\/figure>\n\n\n\n<h4 class=\"wp-block-heading\">M\u00f6glichkeiten zur beruflichen Entfaltung<\/h4>\n\n\n\n<p class=\"has-text-color\" style=\"color:#767676\">Sie m\u00f6chten Ihre Gedanken in einem Artikel ver\u00f6ffentlichen oder auf Veranstaltungen sprechen? Indeed Leadership Connect erm\u00f6glicht Ihnen gerne die entsprechende B\u00fchne.<\/p>\n<\/div>\n<\/div>\n\n\n\n<div class=\"wp-block-columns is-layout-flex wp-container-core-columns-is-layout-9d6595d7 wp-block-columns-is-layout-flex\">\n<div class=\"wp-block-column is-layout-flow wp-block-column-is-layout-flow\">\n<figure class=\"wp-block-image size-full\"><img decoding=\"async\" width=\"70\" height=\"70\" src=\"https:\/\/www.indeedevents.com\/de-de\/wp-content\/uploads\/sites\/26\/2023\/11\/Property-1Seated-Meeting.png\" alt=\"Icon of people around a table, representing the talent leader network\" class=\"wp-image-88872\"\/><\/figure>\n\n\n\n<h4 class=\"wp-block-heading\">Netzwerk f\u00fcr Top-Personaler:innen<\/h4>\n\n\n\n<p class=\"has-text-color\" style=\"color:#767676\">Erweitern Sie Ihr berufliches Netzwerk mit anderen F\u00fchrungskr\u00e4ften durch Branchentreffen, Executive Meetings und Roundtable-Gespr\u00e4che.<\/p>\n<\/div>\n\n\n\n<div class=\"wp-block-column is-layout-flow wp-block-column-is-layout-flow\">\n<figure class=\"wp-block-image size-full\"><img decoding=\"async\" width=\"70\" height=\"70\" src=\"https:\/\/www.indeedevents.com\/de-de\/wp-content\/uploads\/sites\/26\/2023\/11\/Property-1Calendar.png\" alt=\"Icon of a calendar, representing premium events\" class=\"wp-image-88871\"\/><\/figure>\n\n\n\n<h4 class=\"wp-block-heading\">Top Events<\/h4>\n\n\n\n<p class=\"has-text-color\" style=\"color:#767676\">Pers\u00f6nliche Kontakte durch exklusiven Zugang zur Leadership Connect Summit auf der FutureWorks, dem Indeed Leadership Connect Executive Dinner und weiteren Branchenveranstaltungen das ganze Jahr.<\/p>\n<\/div>\n\n\n\n<div class=\"wp-block-column is-layout-flow wp-block-column-is-layout-flow\">\n<figure class=\"wp-block-image size-full\"><img decoding=\"async\" width=\"64\" height=\"62\" src=\"https:\/\/www.indeedevents.com\/de-de\/wp-content\/uploads\/sites\/26\/2023\/11\/Property-1Virtual-Convo.png\" alt=\"Icon of speech bubbles, representing brainstorming and sharing best practices\" class=\"wp-image-88870\"\/><\/figure>\n\n\n\n<h4 class=\"wp-block-heading\">Innovative Ans\u00e4tze und Austausch von bew\u00e4hrten Praktiken<\/h4>\n\n\n\n<p class=\"has-text-color\" style=\"color:#767676\">Tauschen Sie sich mit Gleichgesinnten aus und entwickeln Sie gemeinsam Strategien, um den Herausforderungen der modernen Arbeitswelt mit frischen Ideen zu begegnen.<\/p>\n<\/div>\n<\/div>\n<\/div>\n\n\n\n<div style=\"height:60px\" aria-hidden=\"true\" class=\"wp-block-spacer\"><\/div>\n\n\n\n<div class=\"wp-block-cover alignfull is-light\" id=\"events\"><span aria-hidden=\"true\" class=\"wp-block-cover__background has-background-dim-100 has-background-dim\" style=\"background-color:#f2f2f2\"><\/span><div class=\"wp-block-cover__inner-container is-layout-flow wp-block-cover-is-layout-flow\">\n<div style=\"height:20px\" aria-hidden=\"true\" class=\"wp-block-spacer\"><\/div>\n\n\n\n<div class=\"wp-block-columns alignfull are-vertically-aligned-center is-layout-flex wp-container-core-columns-is-layout-9d6595d7 wp-block-columns-is-layout-flex\">\n<div class=\"wp-block-column is-vertically-aligned-center is-layout-flow wp-block-column-is-layout-flow\" style=\"flex-basis:45%\">\n<h2 class=\"wp-block-heading leadermain\">Unsere Mission<\/h2>\n\n\n\n<p>Als Mitglieder von Indeed Leadership Connect setzen wir uns daf\u00fcr ein, bessere Arbeit f\u00fcr alle zu schaffen. Wir glauben, dass Arbeit f\u00fcr alle Menschen inklusiv und gleichberechtigt sein sollte. Wir glauben, dass erfolgreiche F\u00fchrungskr\u00e4fte strategisch, innovativ und datengesteuert agieren m\u00fcssen. Wir verpflichten uns, miteinander zu kooperieren und uns gegenseitig zu unterst\u00fctzen, um die Zukunft der Arbeit mitzugestalten.<\/p>\n<\/div>\n\n\n\n<div class=\"wp-block-column is-vertically-aligned-center is-layout-flow wp-block-column-is-layout-flow\" style=\"flex-basis:50%\">\n<figure class=\"wp-block-image alignright size-full is-style-default\"><img decoding=\"async\" width=\"999\" height=\"749\" src=\"https:\/\/www.indeedevents.com\/de-de\/wp-content\/uploads\/sites\/26\/2023\/12\/GettyImages-1340724966.jpg\" alt=\"A group of leaders discussing and collaborating around a table.\" class=\"wp-image-88881\" srcset=\"https:\/\/www.indeedevents.com\/de-de\/wp-content\/uploads\/sites\/26\/2023\/12\/GettyImages-1340724966.jpg 999w, https:\/\/www.indeedevents.com\/de-de\/wp-content\/uploads\/sites\/26\/2023\/12\/GettyImages-1340724966-300x225.jpg 300w, https:\/\/www.indeedevents.com\/de-de\/wp-content\/uploads\/sites\/26\/2023\/12\/GettyImages-1340724966-768x576.jpg 768w, https:\/\/www.indeedevents.com\/de-de\/wp-content\/uploads\/sites\/26\/2023\/12\/GettyImages-1340724966-562x420.jpg 562w\" sizes=\"(max-width: 999px) 100vw, 999px\" \/><\/figure>\n<\/div>\n<\/div>\n\n\n\n<div style=\"height:25px\" aria-hidden=\"true\" class=\"wp-block-spacer\"><\/div>\n<\/div><\/div>\n\n\n\n<div style=\"height:60px\" aria-hidden=\"true\" id=\"apply-now\" class=\"wp-block-spacer\"><\/div>\n\n\n\n<div class=\"wp-block-group alignfull is-layout-constrained wp-block-group-is-layout-constrained\">\n<div class=\"wp-block-columns alignfull is-layout-flex wp-container-core-columns-is-layout-9d6595d7 wp-block-columns-is-layout-flex\">\n<div class=\"wp-block-column is-layout-flow wp-block-column-is-layout-flow\" style=\"flex-basis:33.33%\">\n<h2 class=\"wp-block-heading leadermain\">Let&#8217;s connect!<\/h2>\n\n\n\n<p>Indeed Leadership Connect ist eine geschlossene Community f\u00fcr Human Ressources- und Talent Acquisition-F\u00fchrungskr\u00e4fte, um die Zukunft der Arbeitswelt neu zu gestalten. Sie m\u00f6chten Teil dieses exklusiven Kreises werden? Dann freuen wir uns auf die \u00dcbersendung Ihres Antrags!<\/p>\n<\/div>\n\n\n\n<div class=\"wp-block-column is-layout-flow wp-block-column-is-layout-flow\" style=\"flex-basis:66.66%\">\n<div id=\"marketo-block_938a590741cab3952124758839959f55\" class=\"Marketo-wrapper marketo-form\" data-post-type=\"page\">\n\t\t\t<form id=\"mktoForm_8886\"\n\t\t\tdata-marketo-id=\"8886\"\n\t\t\t><\/form>\n\t<\/div>\n<!-- #marketo-block_938a590741cab3952124758839959f55 -->\n\t<div class=\"success-msg\">\n\t\t\t<p>Vielen Dank, dass Sie sich f\u00fcr eine Leadership Connect-Mitgliedschaft beworben haben. Wir werden Ihre Anfrage pr\u00fcfen und so schnell wie m\u00f6glich antworten.<\/p>\n\t\t<\/div>\n<!-- .success-msg -->\n<script src=\"\/\/offers.indeed.com\/js\/forms2\/js\/forms2.min.js\"><\/script>\n<script type=\"text\/javascript\">\n\t\/\/ On page and jQuery load, run marketo functions.\n\tjQuery(document).ready(function($) {\n\t\tvar formIds = getFormIds( 'data-marketo-id' );\n\t\tif ( formIds.length > 0 ) {\n\t\t\tformIds.map( function( formId ) {\n\t\t\t\tnew IndeedMarketo( formId );\n\t\t\t\t\t\t\t} );\n\t\t}\n\t});\n<\/script>\n<\/div>\n<\/div>\n<\/div>\n\n\n\n<div style=\"height:100px\" aria-hidden=\"true\" class=\"wp-block-spacer\"><\/div>\n","protected":false},"excerpt":{"rendered":"<p>Profitieren Sie von allen Vorteilen, die Leadership Connect bietet: Experten-Wissen Lassen Sie sich von vision\u00e4ren Ideen inspirieren und lernen Sie von Experten f\u00fcr Einstellungstrends, DEIB+ und Talentmanagement, um Ihr Know-how der Arbeitsbranche zu erweitern. Exklusive Inhalte Indeed Leadership Connect Mitglieder erhalten fr\u00fchzeitigen Zugang zu Daten und Erkenntnissen, die von Vordenkern der Branche und Indeed-Talentexperten entwickelt [&hellip;]<\/p>\n","protected":false},"author":47,"featured_media":0,"parent":0,"menu_order":0,"comment_status":"closed","ping_status":"closed","template":"page-templates\/leadership-connect.php","meta":{"_acf_changed":false,"inline_featured_image":false,"footnotes":""},"class_list":["post-88867","page","type-page","status-publish","hentry"],"acf":[],"yoast_head":"<!-- This site is optimized with the Yoast SEO plugin v27.4 - https:\/\/yoast.com\/product\/yoast-seo-wordpress\/ -->\n<title>Indeed Leadership Connect - Deutschland (deutsch)<\/title>\n<meta name=\"robots\" content=\"noindex, nofollow\" \/>\n<meta property=\"og:locale\" content=\"de_DE\" \/>\n<meta property=\"og:type\" content=\"article\" \/>\n<meta property=\"og:title\" content=\"Indeed Leadership Connect - Deutschland (deutsch)\" \/>\n<meta property=\"og:description\" content=\"Profitieren Sie von allen Vorteilen, die Leadership Connect bietet: Experten-Wissen Lassen Sie sich von vision\u00e4ren Ideen inspirieren und lernen Sie von Experten f\u00fcr Einstellungstrends, DEIB+ und Talentmanagement, um Ihr Know-how der Arbeitsbranche zu erweitern. Exklusive Inhalte Indeed Leadership Connect Mitglieder erhalten fr\u00fchzeitigen Zugang zu Daten und Erkenntnissen, die von Vordenkern der Branche und Indeed-Talentexperten entwickelt [&hellip;]\" \/>\n<meta property=\"og:url\" content=\"https:\/\/www.indeedevents.com\/de-de\/leadership-connect\/\" \/>\n<meta property=\"og:site_name\" content=\"Indeed Events\" \/>\n<meta property=\"article:modified_time\" content=\"2024-01-09T20:46:47+00:00\" \/>\n<meta property=\"og:image\" content=\"https:\/\/www.indeedevents.com\/de-de\/wp-content\/uploads\/sites\/26\/2023\/11\/LC-logo-white.png\" \/>\n<meta name=\"twitter:card\" content=\"summary_large_image\" \/>\n<meta name=\"twitter:label1\" content=\"Gesch\u00e4tzte Lesezeit\" \/>\n\t<meta name=\"twitter:data1\" content=\"2\u00a0Minuten\" \/>\n<script type=\"application\/ld+json\" class=\"yoast-schema-graph\">{\"@context\":\"https:\\\/\\\/schema.org\",\"@graph\":[{\"@type\":\"WebPage\",\"@id\":\"https:\\\/\\\/www.indeedevents.com\\\/de-de\\\/leadership-connect\\\/\",\"url\":\"https:\\\/\\\/www.indeedevents.com\\\/de-de\\\/leadership-connect\\\/\",\"name\":\"Indeed Leadership Connect - Deutschland (deutsch)\",\"isPartOf\":{\"@id\":\"https:\\\/\\\/www.indeedevents.com\\\/de-de\\\/#website\"},\"primaryImageOfPage\":{\"@id\":\"https:\\\/\\\/www.indeedevents.com\\\/de-de\\\/leadership-connect\\\/#primaryimage\"},\"image\":{\"@id\":\"https:\\\/\\\/www.indeedevents.com\\\/de-de\\\/leadership-connect\\\/#primaryimage\"},\"thumbnailUrl\":\"https:\\\/\\\/www.indeedevents.com\\\/de-de\\\/wp-content\\\/uploads\\\/sites\\\/26\\\/2023\\\/11\\\/LC-logo-white.png\",\"datePublished\":\"2023-11-30T13:42:23+00:00\",\"dateModified\":\"2024-01-09T20:46:47+00:00\",\"breadcrumb\":{\"@id\":\"https:\\\/\\\/www.indeedevents.com\\\/de-de\\\/leadership-connect\\\/#breadcrumb\"},\"inLanguage\":\"de\",\"potentialAction\":[{\"@type\":\"ReadAction\",\"target\":[\"https:\\\/\\\/www.indeedevents.com\\\/de-de\\\/leadership-connect\\\/\"]}]},{\"@type\":\"ImageObject\",\"inLanguage\":\"de\",\"@id\":\"https:\\\/\\\/www.indeedevents.com\\\/de-de\\\/leadership-connect\\\/#primaryimage\",\"url\":\"https:\\\/\\\/www.indeedevents.com\\\/de-de\\\/wp-content\\\/uploads\\\/sites\\\/26\\\/2023\\\/11\\\/LC-logo-white.png\",\"contentUrl\":\"https:\\\/\\\/www.indeedevents.com\\\/de-de\\\/wp-content\\\/uploads\\\/sites\\\/26\\\/2023\\\/11\\\/LC-logo-white.png\",\"width\":1321,\"height\":273,\"caption\":\"Indeed Leadership Connect logo\"},{\"@type\":\"BreadcrumbList\",\"@id\":\"https:\\\/\\\/www.indeedevents.com\\\/de-de\\\/leadership-connect\\\/#breadcrumb\",\"itemListElement\":[{\"@type\":\"ListItem\",\"position\":1,\"name\":\"Home\",\"item\":\"https:\\\/\\\/www.indeedevents.com\\\/de-de\\\/\"},{\"@type\":\"ListItem\",\"position\":2,\"name\":\"Indeed Leadership Connect\"}]},{\"@type\":\"WebSite\",\"@id\":\"https:\\\/\\\/www.indeedevents.com\\\/de-de\\\/#website\",\"url\":\"https:\\\/\\\/www.indeedevents.com\\\/de-de\\\/\",\"name\":\"Deutschland (deutsch)\",\"description\":\"Deutsch\",\"potentialAction\":[{\"@type\":\"SearchAction\",\"target\":{\"@type\":\"EntryPoint\",\"urlTemplate\":\"https:\\\/\\\/www.indeedevents.com\\\/de-de\\\/?s={search_term_string}\"},\"query-input\":{\"@type\":\"PropertyValueSpecification\",\"valueRequired\":true,\"valueName\":\"search_term_string\"}}],\"inLanguage\":\"de\"}]}<\/script>\n<!-- \/ Yoast SEO plugin. -->","yoast_head_json":{"title":"Indeed Leadership Connect - Deutschland (deutsch)","robots":{"index":"noindex","follow":"nofollow"},"og_locale":"de_DE","og_type":"article","og_title":"Indeed Leadership Connect - Deutschland (deutsch)","og_description":"Profitieren Sie von allen Vorteilen, die Leadership Connect bietet: Experten-Wissen Lassen Sie sich von vision\u00e4ren Ideen inspirieren und lernen Sie von Experten f\u00fcr Einstellungstrends, DEIB+ und Talentmanagement, um Ihr Know-how der Arbeitsbranche zu erweitern. Exklusive Inhalte Indeed Leadership Connect Mitglieder erhalten fr\u00fchzeitigen Zugang zu Daten und Erkenntnissen, die von Vordenkern der Branche und Indeed-Talentexperten entwickelt [&hellip;]","og_url":"https:\/\/www.indeedevents.com\/de-de\/leadership-connect\/","og_site_name":"Indeed Events","article_modified_time":"2024-01-09T20:46:47+00:00","og_image":[{"url":"https:\/\/www.indeedevents.com\/de-de\/wp-content\/uploads\/sites\/26\/2023\/11\/LC-logo-white.png","type":"","width":"","height":""}],"twitter_card":"summary_large_image","twitter_misc":{"Gesch\u00e4tzte Lesezeit":"2\u00a0Minuten"},"schema":{"@context":"https:\/\/schema.org","@graph":[{"@type":"WebPage","@id":"https:\/\/www.indeedevents.com\/de-de\/leadership-connect\/","url":"https:\/\/www.indeedevents.com\/de-de\/leadership-connect\/","name":"Indeed Leadership Connect - Deutschland (deutsch)","isPartOf":{"@id":"https:\/\/www.indeedevents.com\/de-de\/#website"},"primaryImageOfPage":{"@id":"https:\/\/www.indeedevents.com\/de-de\/leadership-connect\/#primaryimage"},"image":{"@id":"https:\/\/www.indeedevents.com\/de-de\/leadership-connect\/#primaryimage"},"thumbnailUrl":"https:\/\/www.indeedevents.com\/de-de\/wp-content\/uploads\/sites\/26\/2023\/11\/LC-logo-white.png","datePublished":"2023-11-30T13:42:23+00:00","dateModified":"2024-01-09T20:46:47+00:00","breadcrumb":{"@id":"https:\/\/www.indeedevents.com\/de-de\/leadership-connect\/#breadcrumb"},"inLanguage":"de","potentialAction":[{"@type":"ReadAction","target":["https:\/\/www.indeedevents.com\/de-de\/leadership-connect\/"]}]},{"@type":"ImageObject","inLanguage":"de","@id":"https:\/\/www.indeedevents.com\/de-de\/leadership-connect\/#primaryimage","url":"https:\/\/www.indeedevents.com\/de-de\/wp-content\/uploads\/sites\/26\/2023\/11\/LC-logo-white.png","contentUrl":"https:\/\/www.indeedevents.com\/de-de\/wp-content\/uploads\/sites\/26\/2023\/11\/LC-logo-white.png","width":1321,"height":273,"caption":"Indeed Leadership Connect logo"},{"@type":"BreadcrumbList","@id":"https:\/\/www.indeedevents.com\/de-de\/leadership-connect\/#breadcrumb","itemListElement":[{"@type":"ListItem","position":1,"name":"Home","item":"https:\/\/www.indeedevents.com\/de-de\/"},{"@type":"ListItem","position":2,"name":"Indeed Leadership Connect"}]},{"@type":"WebSite","@id":"https:\/\/www.indeedevents.com\/de-de\/#website","url":"https:\/\/www.indeedevents.com\/de-de\/","name":"Deutschland (deutsch)","description":"Deutsch","potentialAction":[{"@type":"SearchAction","target":{"@type":"EntryPoint","urlTemplate":"https:\/\/www.indeedevents.com\/de-de\/?s={search_term_string}"},"query-input":{"@type":"PropertyValueSpecification","valueRequired":true,"valueName":"search_term_string"}}],"inLanguage":"de"}]}},"_links":{"self":[{"href":"https:\/\/www.indeedevents.com\/de-de\/wp-json\/wp\/v2\/pages\/88867","targetHints":{"allow":["GET"]}}],"collection":[{"href":"https:\/\/www.indeedevents.com\/de-de\/wp-json\/wp\/v2\/pages"}],"about":[{"href":"https:\/\/www.indeedevents.com\/de-de\/wp-json\/wp\/v2\/types\/page"}],"author":[{"embeddable":true,"href":"https:\/\/www.indeedevents.com\/de-de\/wp-json\/wp\/v2\/users\/47"}],"replies":[{"embeddable":true,"href":"https:\/\/www.indeedevents.com\/de-de\/wp-json\/wp\/v2\/comments?post=88867"}],"version-history":[{"count":0,"href":"https:\/\/www.indeedevents.com\/de-de\/wp-json\/wp\/v2\/pages\/88867\/revisions"}],"wp:attachment":[{"href":"https:\/\/www.indeedevents.com\/de-de\/wp-json\/wp\/v2\/media?parent=88867"}],"curies":[{"name":"wp","href":"https:\/\/api.w.org\/{rel}","templated":true}]}}